{"id":75,"date":"2026-02-26T15:19:52","date_gmt":"2026-02-26T15:19:52","guid":{"rendered":"https:\/\/domwsieci.com\/?page_id=75"},"modified":"2026-03-29T11:37:28","modified_gmt":"2026-03-29T11:37:28","slug":"bo-chleby","status":"publish","type":"page","link":"https:\/\/domwsieci.com\/index.php\/bo-chleby\/","title":{"rendered":"Bo Chleby"},"content":{"rendered":"<h5 style=\"text-align: center;\"><span style=\"font-family: arial, helvetica, sans-serif;\"><strong>Proces, Dramat, Wsp\u00f3\u0142praca &#8230;<\/strong><\/span><br \/>\n<span style=\"font-family: arial, helvetica, sans-serif;\"><strong>zdrowy chleb i szansa na Spotkanie.<\/strong><\/span><\/h5>\n<p>&nbsp;<\/p>\n<p><span style=\"font-family: arial, helvetica, sans-serif;\">Pieczenie chleba to co\u015b wi\u0119cej ni\u017c rzemios\u0142o. To proces przemiany \u2014 od ziarna, kt\u00f3re musi zosta\u0107 rozdrobnione, przez ciasto, kt\u00f3re dojrzewa w ukryciu, a\u017c po chleb utrwalony ogniem. W tym procesie spotykaj\u0105 si\u0119 dwa \u017cywio\u0142y: <strong>Woda<\/strong> i <strong>Ogie\u0144<\/strong> \u2014 przeciwstawne, a jednak wsp\u00f3\u0142pracuj\u0105ce, by mog\u0142o powsta\u0107 co\u015b nowego.<\/span><\/p>\n<p><span style=\"font-family: arial, helvetica, sans-serif;\">Podczas warsztat\u00f3w uczymy si\u0119 nie tylko, jak upiec dobry, zdrowy i smaczny chleb. Uczymy si\u0119 uwa\u017cno\u015bci, wyczucia czasu, r\u00f3wnowagi mi\u0119dzy dzia\u0142aniem a czekaniem. Do\u015bwiadczamy, jak z p\u0142ynnej, nieokre\u015blonej masy rodzi si\u0119 struktura, kt\u00f3ra mo\u017ce karmi\u0107.<\/span><\/p>\n<p><span style=\"font-family: arial, helvetica, sans-serif;\">To tak\u017ce spotkanie \u2014 z materi\u0105, z procesem, z drugim cz\u0142owiekiem i z samym sob\u0105.<\/span><br \/>\n<span style=\"font-family: arial, helvetica, sans-serif;\">Owocem jest nie tylko chleb, ale i wi\u0119ksza \u015bwiadomo\u015b\u0107 delikatnych proces\u00f3w, kt\u00f3re buduj\u0105 \u017cycie i relacje.<\/span><\/p>\n<p><span style=\"font-family: arial, helvetica, sans-serif;\"><strong>BoChleby<\/strong> to przestrze\u0144, w kt\u00f3rej powstaje co\u015b wi\u0119cej ni\u017c chleb.<\/span><br \/>\n<span style=\"font-family: arial, helvetica, sans-serif;\">Przygotowujemy warunki do fermentacji, do przemiany i budujemy mo\u017cliwo\u015b\u0107 spotkania.<\/span><\/p>\n","protected":false},"excerpt":{"rendered":"<p>Proces, Dramat, Wsp\u00f3\u0142praca &#8230; zdrowy chleb i szansa na Spotkanie. &nbsp; Pieczenie chleba to co\u015b wi\u0119cej ni\u017c rzemios\u0142o. To proces przemiany \u2014 od ziarna, kt\u00f3re musi zosta\u0107 rozdrobnione, przez ciasto, kt\u00f3re dojrzewa w ukryciu, a\u017c po chleb utrwalony ogniem. W tym procesie spotykaj\u0105 si\u0119 dwa \u017cywio\u0142y: Woda i Ogie\u0144 \u2014 przeciwstawne, a jednak wsp\u00f3\u0142pracuj\u0105ce, by mog\u0142o powsta\u0107 co\u015b nowego. Podczas warsztat\u00f3w uczymy si\u0119 nie tylko, jak upiec dobry, zdrowy i smaczny chleb. Uczymy si\u0119 uwa\u017cno\u015bci, wyczucia czasu, r\u00f3wnowagi mi\u0119dzy dzia\u0142aniem a czekaniem. Do\u015bwiadczamy, jak z p\u0142ynnej, nieokre\u015blonej masy rodzi si\u0119 struktura, kt\u00f3ra mo\u017ce karmi\u0107. To tak\u017ce spotkanie \u2014 z materi\u0105, z procesem, z drugim cz\u0142owiekiem i z samym sob\u0105. Owocem jest nie tylko chleb, ale i wi\u0119ksza \u015bwiadomo\u015b\u0107 delikatnych proces\u00f3w, kt\u00f3re buduj\u0105 \u017cycie i relacje. BoChleby to przestrze\u0144, w kt\u00f3rej powstaje co\u015b wi\u0119cej ni\u017c chleb. Przygotowujemy warunki do fermentacji, do przemiany i budujemy mo\u017cliwo\u015b\u0107 spotkania.<\/p>\n","protected":false},"author":2,"featured_media":0,"parent":0,"menu_order":11,"comment_status":"closed","ping_status":"closed","template":"","meta":{"footnotes":""},"class_list":["post-75","page","type-page","status-publish","hentry"],"_links":{"self":[{"href":"https:\/\/domwsieci.com\/index.php\/wp-json\/wp\/v2\/pages\/75","targetHints":{"allow":["GET"]}}],"collection":[{"href":"https:\/\/domwsieci.com\/index.php\/wp-json\/wp\/v2\/pages"}],"about":[{"href":"https:\/\/domwsieci.com\/index.php\/wp-json\/wp\/v2\/types\/page"}],"author":[{"embeddable":true,"href":"https:\/\/domwsieci.com\/index.php\/wp-json\/wp\/v2\/users\/2"}],"replies":[{"embeddable":true,"href":"https:\/\/domwsieci.com\/index.php\/wp-json\/wp\/v2\/comments?post=75"}],"version-history":[{"count":11,"href":"https:\/\/domwsieci.com\/index.php\/wp-json\/wp\/v2\/pages\/75\/revisions"}],"predecessor-version":[{"id":531,"href":"https:\/\/domwsieci.com\/index.php\/wp-json\/wp\/v2\/pages\/75\/revisions\/531"}],"wp:attachment":[{"href":"https:\/\/domwsieci.com\/index.php\/wp-json\/wp\/v2\/media?parent=75"}],"curies":[{"name":"wp","href":"https:\/\/api.w.org\/{rel}","templated":true}]}}