{"id":79,"date":"2026-02-26T15:20:46","date_gmt":"2026-02-26T15:20:46","guid":{"rendered":"https:\/\/domwsieci.com\/?page_id=79"},"modified":"2026-04-09T08:09:10","modified_gmt":"2026-04-09T08:09:10","slug":"agenci-ai","status":"publish","type":"page","link":"https:\/\/domwsieci.com\/index.php\/agenci-ai\/","title":{"rendered":"Agenci AI"},"content":{"rendered":"<p>Przygoda z Agentami AI rozpocz\u0119\u0142a si\u0119 od reklamy, w kt\u00f3rej by\u0142o k\u0142amstwo: <em>Nie musisz by\u0107 programist\u0105. Humani\u015bci te\u017c to potrafi\u0105. W ci\u0105gu weekendu nauczysz si\u0119 tworzy\u0107 Agent\u00f3w AI.<\/em><br \/>\nChodzi o automatyzacje powtarzalnych czynno\u015bci.<\/p>\n<p>Nie jestem programist\u0105, nie po\u015bwi\u0119ca\u0142em temu 8 godzin dziennie, 5 dni w tygodniu.<br \/>\nPo trzech miesi\u0105cach zbudowa\u0142em Agenta, kt\u00f3ry liczy nasze Rodzinne Wydatki i Przychody.<\/p>\n<p>Inn\u0105, pomocn\u0105 automatyzacj\u0105 jest katalogowanie ksi\u0105\u017cek.<\/p>\n<p>Trudnym koncepcyjnie okaza\u0142 si\u0119 projekt &#8222;Zabiegi rolnicze na POLU&#8221;.<br \/>\nJe\u017celi gospodarstwo rolne ma oko\u0142o 100 hektar\u00f3w, jest rozbite na kilkana\u015bcie dzia\u0142ek, na ka\u017cdej dzia\u0142ce w ci\u0105gu roku jest kilkana\u015bcie zabieg\u00f3w \u2013 to notowanie: co, kiedy, w jakiej ilo\u015bci, zaczyna by\u0107 uci\u0105\u017cliwe. Razem mo\u017ce by\u0107 oko\u0142o 300 pozycji w ci\u0105gu roku. Do niekt\u00f3rych dop\u0142at rolniczych wymagana jest dokumentacja, kt\u00f3ra zawiera te informacje. Je\u015bli do tego dodamy r\u0119czne przepisywanie numer\u00f3w katastralnych dzia\u0142ek to wyjdzie na to, \u017ce poch\u0142ania to godziny \u017cmudnej pracy. Agent AI nie zrobi za rolnika wszystkiego, ale u\u0142atwi zapisywanie danych i oszcz\u0119dzi du\u017co czasu. Oczywi\u015bcie wymaga to dyscypliny i systematyczno\u015bci, wracaj\u0105c z pola trzeba wpisa\u0107, a jeszcze lepiej, podyktowa\u0107 do telefonu dane: na jakiej dzia\u0142ce, jaki zabieg, jaka praca zosta\u0142a wykonana, ewentualnie u\u017cyty \u015brodek, ilo\u015b\u0107 \u015brodka, jakim sprz\u0119tem, ilo\u015b\u0107 zu\u017cytego paliwa, ile czasu to zaj\u0119\u0142o. Agent wpisze te dane do tabeli a w odpowiednim czasie mo\u017cna podliczy\u0107 potrzebne ilo\u015bci lub przygotowa\u0107 do wydruku jako dokument dla Agencja Restrukturyzacji i Modernizacji Rolnictwa (ARiMR)<\/p>\n<p>&nbsp;<\/p>\n","protected":false},"excerpt":{"rendered":"<p>Przygoda z Agentami AI rozpocz\u0119\u0142a si\u0119 od reklamy, w kt\u00f3rej by\u0142o k\u0142amstwo: Nie musisz by\u0107 programist\u0105. Humani\u015bci te\u017c to potrafi\u0105. W ci\u0105gu weekendu nauczysz si\u0119 tworzy\u0107 Agent\u00f3w AI. Chodzi o automatyzacje powtarzalnych czynno\u015bci. Nie jestem programist\u0105, nie po\u015bwi\u0119ca\u0142em temu 8 godzin dziennie, 5 dni w tygodniu. Po trzech miesi\u0105cach zbudowa\u0142em Agenta, kt\u00f3ry liczy nasze Rodzinne Wydatki i Przychody. Inn\u0105, pomocn\u0105 automatyzacj\u0105 jest katalogowanie ksi\u0105\u017cek. Trudnym koncepcyjnie okaza\u0142 si\u0119 projekt &#8222;Zabiegi rolnicze na POLU&#8221;. Je\u017celi gospodarstwo rolne ma oko\u0142o 100 hektar\u00f3w, jest rozbite na kilkana\u015bcie dzia\u0142ek, na ka\u017cdej dzia\u0142ce w ci\u0105gu roku jest kilkana\u015bcie zabieg\u00f3w \u2013 to notowanie: co, kiedy, w jakiej ilo\u015bci, zaczyna by\u0107 uci\u0105\u017cliwe. Razem mo\u017ce by\u0107 oko\u0142o 300 pozycji w ci\u0105gu roku. Do niekt\u00f3rych dop\u0142at rolniczych wymagana jest dokumentacja, kt\u00f3ra zawiera te informacje. Je\u015bli do tego dodamy r\u0119czne przepisywanie numer\u00f3w katastralnych dzia\u0142ek to wyjdzie na to, \u017ce poch\u0142ania to godziny \u017cmudnej pracy. Agent AI nie zrobi za rolnika wszystkiego, ale u\u0142atwi zapisywanie danych i oszcz\u0119dzi du\u017co czasu. Oczywi\u015bcie wymaga to dyscypliny i systematyczno\u015bci, wracaj\u0105c z pola trzeba wpisa\u0107, a jeszcze lepiej, podyktowa\u0107 do telefonu dane: na jakiej dzia\u0142ce, jaki zabieg, jaka praca zosta\u0142a wykonana, ewentualnie u\u017cyty \u015brodek, ilo\u015b\u0107 \u015brodka, jakim sprz\u0119tem, ilo\u015b\u0107 zu\u017cytego paliwa, ile czasu to zaj\u0119\u0142o. Agent wpisze te dane do tabeli a w odpowiednim czasie mo\u017cna podliczy\u0107 potrzebne ilo\u015bci lub przygotowa\u0107 do wydruku jako dokument dla Agencja Restrukturyzacji i Modernizacji Rolnictwa (ARiMR) &nbsp;<\/p>\n","protected":false},"author":2,"featured_media":0,"parent":0,"menu_order":9,"comment_status":"closed","ping_status":"closed","template":"","meta":{"footnotes":""},"class_list":["post-79","page","type-page","status-publish","hentry"],"_links":{"self":[{"href":"https:\/\/domwsieci.com\/index.php\/wp-json\/wp\/v2\/pages\/79","targetHints":{"allow":["GET"]}}],"collection":[{"href":"https:\/\/domwsieci.com\/index.php\/wp-json\/wp\/v2\/pages"}],"about":[{"href":"https:\/\/domwsieci.com\/index.php\/wp-json\/wp\/v2\/types\/page"}],"author":[{"embeddable":true,"href":"https:\/\/domwsieci.com\/index.php\/wp-json\/wp\/v2\/users\/2"}],"replies":[{"embeddable":true,"href":"https:\/\/domwsieci.com\/index.php\/wp-json\/wp\/v2\/comments?post=79"}],"version-history":[{"count":3,"href":"https:\/\/domwsieci.com\/index.php\/wp-json\/wp\/v2\/pages\/79\/revisions"}],"predecessor-version":[{"id":562,"href":"https:\/\/domwsieci.com\/index.php\/wp-json\/wp\/v2\/pages\/79\/revisions\/562"}],"wp:attachment":[{"href":"https:\/\/domwsieci.com\/index.php\/wp-json\/wp\/v2\/media?parent=79"}],"curies":[{"name":"wp","href":"https:\/\/api.w.org\/{rel}","templated":true}]}}