{"id":96,"date":"2026-02-26T15:37:49","date_gmt":"2026-02-26T15:37:49","guid":{"rendered":"https:\/\/domwsieci.com\/?page_id=96"},"modified":"2026-02-28T08:54:54","modified_gmt":"2026-02-28T08:54:54","slug":"o-domu","status":"publish","type":"page","link":"https:\/\/domwsieci.com\/index.php\/o-domu\/","title":{"rendered":"O Domu"},"content":{"rendered":"\n<p>Potrzebuj\u0119 Domu, by mie\u0107 korzenie i skrzyd\u0142a.<br data-start=\"256\" data-end=\"259\">Skrzyd\u0142a \u2013 \u017ceby przekracza\u0107 to, co odziedziczy\u0142em i poszybowa\u0107 w nieznane.<br data-start=\"321\" data-end=\"324\">Korzenie \u2013 by wiedzie\u0107, kim jestem i mie\u0107 dok\u0105d wraca\u0107.<\/p>\n\n\n\n<p>W Domu spotykaj\u0105 si\u0119 zar\u00f3wno osoby jak i relacje, to relacje w du\u017cej mierze tworz\u0105 dom.<br data-start=\"409\" data-end=\"412\">Prowadz\u0105 do niego r\u00f3\u017cne \u015bcie\u017cki. Na dzisiaj w tej przestrzeni s\u0105 trzy:<\/p>\n\n\n\n<p><strong data-start=\"463\" data-end=\"475\">BoChleby<\/strong> \u2013 rzemios\u0142o i pokarm.<br data-start=\"497\" data-end=\"500\">Praca z m\u0105k\u0105, wod\u0105, ogniem i czasem.<\/p>\n\n\n\n<p><strong data-start=\"538\" data-end=\"550\">BoOddech<\/strong> \u2013 rzecz niezb\u0119dna.<br data-start=\"569\" data-end=\"572\">Praca z oddechem i uwa\u017cno\u015bci\u0105.<\/p>\n\n\n\n<p><strong data-start=\"604\" data-end=\"616\">BoAgenci<\/strong> \u2013 oszcz\u0119dno\u015b\u0107 czasu i energii.<br data-start=\"647\" data-end=\"650\">Technologia (oby nas nie przeros\u0142a), kt\u00f3ra ma pom\u00f3c w rozwijaniu rzemios\u0142a i \u017cywej rado\u015bci.<\/p>\n","protected":false},"excerpt":{"rendered":"<p>Potrzebuj\u0119 Domu, by mie\u0107 korzenie i skrzyd\u0142a.Skrzyd\u0142a \u2013 \u017ceby przekracza\u0107 to, co odziedziczy\u0142em i poszybowa\u0107 w nieznane.Korzenie \u2013 by wiedzie\u0107, kim jestem i mie\u0107 dok\u0105d wraca\u0107. W Domu spotykaj\u0105 si\u0119 zar\u00f3wno osoby jak i relacje, to relacje w du\u017cej mierze tworz\u0105 dom.Prowadz\u0105 do niego r\u00f3\u017cne \u015bcie\u017cki. Na dzisiaj w tej przestrzeni s\u0105 trzy: BoChleby \u2013 rzemios\u0142o i pokarm.Praca z m\u0105k\u0105, wod\u0105, ogniem i czasem. BoOddech \u2013 rzecz niezb\u0119dna.Praca z oddechem i uwa\u017cno\u015bci\u0105. BoAgenci \u2013 oszcz\u0119dno\u015b\u0107 czasu i energii.Technologia (oby nas nie przeros\u0142a), kt\u00f3ra ma pom\u00f3c w rozwijaniu rzemios\u0142a i \u017cywej rado\u015bci.<\/p>\n","protected":false},"author":2,"featured_media":0,"parent":0,"menu_order":19,"comment_status":"closed","ping_status":"closed","template":"","meta":{"footnotes":""},"class_list":["post-96","page","type-page","status-publish","hentry"],"_links":{"self":[{"href":"https:\/\/domwsieci.com\/index.php\/wp-json\/wp\/v2\/pages\/96","targetHints":{"allow":["GET"]}}],"collection":[{"href":"https:\/\/domwsieci.com\/index.php\/wp-json\/wp\/v2\/pages"}],"about":[{"href":"https:\/\/domwsieci.com\/index.php\/wp-json\/wp\/v2\/types\/page"}],"author":[{"embeddable":true,"href":"https:\/\/domwsieci.com\/index.php\/wp-json\/wp\/v2\/users\/2"}],"replies":[{"embeddable":true,"href":"https:\/\/domwsieci.com\/index.php\/wp-json\/wp\/v2\/comments?post=96"}],"version-history":[{"count":7,"href":"https:\/\/domwsieci.com\/index.php\/wp-json\/wp\/v2\/pages\/96\/revisions"}],"predecessor-version":[{"id":276,"href":"https:\/\/domwsieci.com\/index.php\/wp-json\/wp\/v2\/pages\/96\/revisions\/276"}],"wp:attachment":[{"href":"https:\/\/domwsieci.com\/index.php\/wp-json\/wp\/v2\/media?parent=96"}],"curies":[{"name":"wp","href":"https:\/\/api.w.org\/{rel}","templated":true}]}}