{"id":98,"date":"2026-02-26T15:38:05","date_gmt":"2026-02-26T15:38:05","guid":{"rendered":"https:\/\/domwsieci.com\/?page_id=98"},"modified":"2026-03-08T14:22:18","modified_gmt":"2026-03-08T14:22:18","slug":"nadchodzace","status":"publish","type":"page","link":"https:\/\/domwsieci.com\/index.php\/nadchodzace\/","title":{"rendered":"Nadchodz\u0105ce"},"content":{"rendered":"<h1 class=\"post-title\">18 kwietnia 2026 Warsztaty: pieczemy chleb orkiszowy na zakwasie z dodatkiem p\u0142atk\u00f3w owsianych<\/h1>\n<p>&nbsp;<\/p>\n<p><span style=\"font-size: 14pt;\">Chleb orkiszowy na zakwasie z dodatkiem s\u0142odowanych p\u0142atk\u00f3w owsianych<\/span><\/p>\n<p style=\"text-align: right;\"><span style=\"font-size: 14pt;\"><a href=\"https:\/\/domwsieci.com\/index.php\/13-14-marca-2026-warsztaty-pieczemy-chleb-orkiszowy-na-zakwasie\/\">Czytaj wi\u0119cej&#8230;.<\/a><\/span><\/p>\n","protected":false},"excerpt":{"rendered":"<p>18 kwietnia 2026 Warsztaty: pieczemy chleb orkiszowy na zakwasie z dodatkiem p\u0142atk\u00f3w owsianych &nbsp; Chleb orkiszowy na zakwasie z dodatkiem s\u0142odowanych p\u0142atk\u00f3w owsianych Czytaj wi\u0119cej&#8230;.<\/p>\n","protected":false},"author":2,"featured_media":0,"parent":0,"menu_order":18,"comment_status":"closed","ping_status":"closed","template":"","meta":{"footnotes":""},"class_list":["post-98","page","type-page","status-publish","hentry"],"_links":{"self":[{"href":"https:\/\/domwsieci.com\/index.php\/wp-json\/wp\/v2\/pages\/98","targetHints":{"allow":["GET"]}}],"collection":[{"href":"https:\/\/domwsieci.com\/index.php\/wp-json\/wp\/v2\/pages"}],"about":[{"href":"https:\/\/domwsieci.com\/index.php\/wp-json\/wp\/v2\/types\/page"}],"author":[{"embeddable":true,"href":"https:\/\/domwsieci.com\/index.php\/wp-json\/wp\/v2\/users\/2"}],"replies":[{"embeddable":true,"href":"https:\/\/domwsieci.com\/index.php\/wp-json\/wp\/v2\/comments?post=98"}],"version-history":[{"count":16,"href":"https:\/\/domwsieci.com\/index.php\/wp-json\/wp\/v2\/pages\/98\/revisions"}],"predecessor-version":[{"id":510,"href":"https:\/\/domwsieci.com\/index.php\/wp-json\/wp\/v2\/pages\/98\/revisions\/510"}],"wp:attachment":[{"href":"https:\/\/domwsieci.com\/index.php\/wp-json\/wp\/v2\/media?parent=98"}],"curies":[{"name":"wp","href":"https:\/\/api.w.org\/{rel}","templated":true}]}}